{"id":48,"date":"2026-01-07T15:08:52","date_gmt":"2026-01-07T15:08:52","guid":{"rendered":"https:\/\/waeller-bergstrasse.de\/?page_id=48"},"modified":"2026-01-12T07:02:33","modified_gmt":"2026-01-12T07:02:33","slug":"waeller","status":"publish","type":"page","link":"https:\/\/waeller-bergstrasse.de\/?page_id=48","title":{"rendered":"W\u00e4ller"},"content":{"rendered":"\n<div class=\"wp-block-group alignfull is-style-section-1 has-global-padding is-layout-constrained wp-container-core-group-is-layout-cdf985e3 wp-block-group-is-layout-constrained is-style-section-1--1\" style=\"min-height:100vh;margin-top:0;margin-bottom:0;padding-top:var(--wp--preset--spacing--80);padding-right:var(--wp--preset--spacing--80);padding-bottom:var(--wp--preset--spacing--80);padding-left:var(--wp--preset--spacing--80)\">\n<figure class=\"wp-block-image size-large\"><img loading=\"lazy\" decoding=\"async\" width=\"1024\" height=\"576\" src=\"https:\/\/waeller-bergstrasse.de\/wp-content\/uploads\/2026\/01\/PHOTO-2023-08-27-12-26-11-1024x576.jpg\" alt=\"\" class=\"wp-image-87\" srcset=\"https:\/\/waeller-bergstrasse.de\/wp-content\/uploads\/2026\/01\/PHOTO-2023-08-27-12-26-11-1024x576.jpg 1024w, https:\/\/waeller-bergstrasse.de\/wp-content\/uploads\/2026\/01\/PHOTO-2023-08-27-12-26-11-300x169.jpg 300w, https:\/\/waeller-bergstrasse.de\/wp-content\/uploads\/2026\/01\/PHOTO-2023-08-27-12-26-11-768x432.jpg 768w, https:\/\/waeller-bergstrasse.de\/wp-content\/uploads\/2026\/01\/PHOTO-2023-08-27-12-26-11-1536x864.jpg 1536w, https:\/\/waeller-bergstrasse.de\/wp-content\/uploads\/2026\/01\/PHOTO-2023-08-27-12-26-11.jpg 2016w\" sizes=\"auto, (max-width: 1024px) 100vw, 1024px\" \/><\/figure>\n<\/div>\n\n\n\n<h2 class=\"wp-block-heading\">W\u00e4ller-Infos<\/h2>\n\n\n\n<p>Alle Hunderassen entstanden aus Kreuzungen verschiedener  vorhandener Rassen, so auch der W\u00e4ller. Mitte der 90er Jahre begann die Zucht der W\u00e4ller und da es sich um eine neugeschaffene Hunderasse handelt, befindet diese sich noch im Aufbau und ist von der FCI bislang noch nicht anerkannt.<\/p>\n\n\n\n<p>Grundgedanke hinter der Zucht war die Erhaltung und Verbesserung der guten Eigenschaften seiner beiden Ausgangsrassen, des franz\u00f6sischen Brian (Berger de Brie) und des amerikanischen Australien Shepherds. Die jeweiligen wesentlichen Merkmale dieser beiden H\u00fctehundrassen wie Wesen, Vitalit\u00e4t, Agilit\u00e4t, K\u00f6rperbau und Gesundheit sollten in einer neuen Rasse vereint werden. Charakter, Arbeitseifer und Robustheit treten in den Vordergrund, Sch\u00f6nheit ist zweitrangig. Und nebenbei bemerkt&#8230;<br><strong>Jeder W\u00e4hler ist ein Unikat und eine Sch\u00f6nheit f\u00fcr sich!<\/strong><\/p>\n\n\n\n<p>Zu seinem Namen kam der W\u00e4ller durch seine Gr\u00fcnderin, Karin Wimmer-Kieckbusch, die aus dem Westerwald stammt und sich die Bewohner des Westerwalds untereinander als &#8222;W\u00e4ller&#8220; bezeichnen. <\/p>\n\n\n\n<p>Durch seine Anh\u00e4nglichkeit und seine Sensibilit\u00e4t l\u00e4sst sich ein W\u00e4ller bei entsprechender Auslastung zu einem gutartigen, vertr\u00e4glichen und ausgeglichenem Familienhund erziehen, aber<br><strong>er ist kein Hund f\u00fcr Anf\u00e4nger, die sich ihren ersten Hund zulegen oder Personen, die einen Hund nur mal so f\u00fcr nebenbei suchen.<\/strong><\/p>\n\n\n\n<p>Ein W\u00e4ller soll harmonisch und proportioniert sein, ausgestattet mit robustem, muskul\u00f6sem K\u00f6rperbau und gesunder Knochenst\u00e4rke. Schulterh\u00f6he der R\u00fcden um 60 cm \u00b1 5 cm, bei H\u00fcndinnen 50 cm \u00b1 5 cm, damit die Agilit\u00e4t und Wendigkeit nicht verloren geht. Die Ohren sollen hoch angesetzt sein, Kipp- und H\u00e4ngeohren sind erlaubt. Sein Fell sollte von mittlerer L\u00e4nge mit wenig Unterwolle sein und eine gute Textur aufweisen, damit dauerhaft eine leichte Fellpflege m\u00f6glich ist. Das Fell muss regelm\u00e4\u00dfig, mindestens einmal pro Woche, gepflegt werden.<br><strong>Unterl\u00e4sst man dies und der W\u00e4ller muss geschert werden, so ist die Struktur und das Erscheinungsbild des Fellkleids f\u00fcr immer dahin, das Fellkleid wird nie wieder so wippen und wiegen, wie es das einmal getan hat! <\/strong><\/p>\n\n\n\n<p>W\u00e4ller sind grunds\u00e4tzlich freundliche, verspielte, aufgeweckte und umg\u00e4ngliche Hunde mit ausgeglichenem Wesen. Sie reagieren auf ihre Umwelt vorsichtig und aufmerksam, Fremden gegen\u00fcber k\u00f6nnen sie sich reserviert und zur\u00fcckhaltend verhalten.<\/p>\n\n\n\n<p>Um einen W\u00e4hler &#8222;bei Laune&#8220; zu halten, sollte man nicht nur &#8222;Gassigehen&#8220;. Er ist ein H\u00fctehund, seine Ausgangsrassen sind H\u00fctehunde und er braucht kognitive und k\u00f6rperliche Herausforderungen. Da er ein gelehriger Begleiter ist, geben Sie ihm unbedingt die M\u00f6glichkeit sich zu beweisen. Egal ob Turnierhundesport, Obedience, Agility, Treibball, F\u00e4hrtensuche, Mantrailling oder sonstige Aktivit\u00e4ten. Er wird es Ihnen danken&#8230; <\/p>\n\n\n\n<p><\/p>\n","protected":false},"excerpt":{"rendered":"<p>W\u00e4ller-Infos Alle Hunderassen entstanden aus Kreuzungen verschiedener vorhandener Rassen, so auch der W\u00e4ller. Mitte der 90er Jahre begann die Zucht der W\u00e4ller und da es sich um eine neugeschaffene Hunderasse handelt, befindet diese sich noch im Aufbau und ist von der FCI bislang noch nicht anerkannt. Grundgedanke hinter der Zucht war die Erhaltung und Verbesserung [&hellip;]<\/p>\n","protected":false},"author":3,"featured_media":0,"parent":0,"menu_order":0,"comment_status":"closed","ping_status":"closed","template":"","meta":{"footnotes":""},"class_list":["post-48","page","type-page","status-publish","hentry"],"_links":{"self":[{"href":"https:\/\/waeller-bergstrasse.de\/index.php?rest_route=\/wp\/v2\/pages\/48","targetHints":{"allow":["GET"]}}],"collection":[{"href":"https:\/\/waeller-bergstrasse.de\/index.php?rest_route=\/wp\/v2\/pages"}],"about":[{"href":"https:\/\/waeller-bergstrasse.de\/index.php?rest_route=\/wp\/v2\/types\/page"}],"author":[{"embeddable":true,"href":"https:\/\/waeller-bergstrasse.de\/index.php?rest_route=\/wp\/v2\/users\/3"}],"replies":[{"embeddable":true,"href":"https:\/\/waeller-bergstrasse.de\/index.php?rest_route=%2Fwp%2Fv2%2Fcomments&post=48"}],"version-history":[{"count":5,"href":"https:\/\/waeller-bergstrasse.de\/index.php?rest_route=\/wp\/v2\/pages\/48\/revisions"}],"predecessor-version":[{"id":94,"href":"https:\/\/waeller-bergstrasse.de\/index.php?rest_route=\/wp\/v2\/pages\/48\/revisions\/94"}],"wp:attachment":[{"href":"https:\/\/waeller-bergstrasse.de\/index.php?rest_route=%2Fwp%2Fv2%2Fmedia&parent=48"}],"curies":[{"name":"wp","href":"https:\/\/api.w.org\/{rel}","templated":true}]}}