{"id":50,"date":"2026-01-06T12:58:49","date_gmt":"2026-01-06T12:58:49","guid":{"rendered":"https:\/\/waeller-bergstrasse.de\/?page_id=50"},"modified":"2026-01-12T06:57:12","modified_gmt":"2026-01-12T06:57:12","slug":"unsere-hunde","status":"publish","type":"page","link":"https:\/\/waeller-bergstrasse.de\/?page_id=50","title":{"rendered":"Unsere W\u00e4ller"},"content":{"rendered":"\n<div class=\"wp-block-group alignfull has-global-padding is-layout-constrained wp-container-core-group-is-layout-0c9c989a wp-block-group-is-layout-constrained\" style=\"min-height:0vh;margin-top:0;margin-bottom:0;padding-top:var(--wp--preset--spacing--70);padding-right:var(--wp--preset--spacing--40);padding-bottom:var(--wp--preset--spacing--70);padding-left:var(--wp--preset--spacing--40)\">\n<div class=\"wp-block-group has-global-padding is-layout-constrained wp-container-core-group-is-layout-346627ba wp-block-group-is-layout-constrained\">\n<p class=\"has-text-align-center\">&#8222;Der Hund ist das einzige Wesen auf Erden, das dich mehr liebt als sich selbst.&#8220;<br>Josh Billings<\/p>\n<\/div>\n<\/div>\n\n\n\n<div class=\"wp-block-group alignfull is-style-section-1 has-global-padding is-layout-constrained wp-block-group-is-layout-constrained is-style-section-1--1\" style=\"margin-top:0;margin-bottom:0;padding-top:var(--wp--preset--spacing--80);padding-bottom:var(--wp--preset--spacing--80)\">\n<div class=\"wp-block-columns alignwide is-layout-flex wp-container-core-columns-is-layout-66fad18a wp-block-columns-is-layout-flex\">\n<div class=\"wp-block-column is-layout-flow wp-block-column-is-layout-flow\" style=\"padding-right:var(--wp--preset--spacing--50);flex-basis:45%\">\n<figure class=\"wp-block-image size-full\"><img loading=\"lazy\" decoding=\"async\" width=\"1417\" height=\"1795\" src=\"https:\/\/waeller-bergstrasse.de\/wp-content\/uploads\/2026\/01\/IMG_0687.jpg\" alt=\"\" class=\"wp-image-59\" srcset=\"https:\/\/waeller-bergstrasse.de\/wp-content\/uploads\/2026\/01\/IMG_0687.jpg 1417w, https:\/\/waeller-bergstrasse.de\/wp-content\/uploads\/2026\/01\/IMG_0687-237x300.jpg 237w, https:\/\/waeller-bergstrasse.de\/wp-content\/uploads\/2026\/01\/IMG_0687-808x1024.jpg 808w, https:\/\/waeller-bergstrasse.de\/wp-content\/uploads\/2026\/01\/IMG_0687-768x973.jpg 768w, https:\/\/waeller-bergstrasse.de\/wp-content\/uploads\/2026\/01\/IMG_0687-1213x1536.jpg 1213w\" sizes=\"auto, (max-width: 1417px) 100vw, 1417px\" \/><\/figure>\n\n\n\n<div class=\"wp-block-group has-global-padding is-layout-constrained wp-block-group-is-layout-constrained\" style=\"margin-top:-12vw\">\n<figure class=\"wp-block-image alignright size-full is-resized\" style=\"margin-right:-5vw;margin-left:-5vw\"><img loading=\"lazy\" decoding=\"async\" width=\"1111\" height=\"1487\" src=\"https:\/\/waeller-bergstrasse.de\/wp-content\/uploads\/2025\/12\/IMG_7043-1.jpeg\" alt=\"\" class=\"wp-image-14\" style=\"width:202px\" srcset=\"https:\/\/waeller-bergstrasse.de\/wp-content\/uploads\/2025\/12\/IMG_7043-1.jpeg 1111w, https:\/\/waeller-bergstrasse.de\/wp-content\/uploads\/2025\/12\/IMG_7043-1-224x300.jpeg 224w, https:\/\/waeller-bergstrasse.de\/wp-content\/uploads\/2025\/12\/IMG_7043-1-765x1024.jpeg 765w, https:\/\/waeller-bergstrasse.de\/wp-content\/uploads\/2025\/12\/IMG_7043-1-768x1028.jpeg 768w\" sizes=\"auto, (max-width: 1111px) 100vw, 1111px\" \/><\/figure>\n<\/div>\n<\/div>\n\n\n\n<div class=\"wp-block-column is-vertically-aligned-center is-layout-flow wp-block-column-is-layout-flow\" style=\"padding-right:0;padding-left:0;flex-basis:50%\">\n<p class=\"is-style-text-subtitle is-style-text-subtitle--2\">Seit 2011 geh\u00f6ren die W\u00e4ller zu unserer Familie und unserem Leben.<\/p>\n\n\n\n<p class=\"is-style-text-subtitle is-style-text-subtitle--3\">Begonnen hat es mit Benito vom Bambuswald mit dessen Z\u00fcchterin Ute Eckhardt wir noch heute Kontakt haben.<\/p>\n\n\n\n<p class=\"is-style-text-subtitle is-style-text-subtitle--4\">Benito hat seinerzeit eine Zuchtzulassung absolviert und ist damals bei zwei W\u00fcrfen stolzer Papa geworden.<\/p>\n\n\n\n<p class=\"is-style-text-subtitle is-style-text-subtitle--5\">Aus diesen beiden W\u00fcrfen stammen Payton, der bei uns lebte, und Luise, die Gro\u00dfmutter unserer Enya.<\/p>\n<\/div>\n<\/div>\n<\/div>\n\n\n\n<div class=\"wp-block-group alignfull has-global-padding is-layout-constrained wp-container-core-group-is-layout-ebee8dc1 wp-block-group-is-layout-constrained\" style=\"margin-top:0;margin-bottom:0;padding-top:var(--wp--preset--spacing--50);padding-bottom:var(--wp--preset--spacing--50)\">\n<h2 class=\"wp-block-heading alignwide\">Benito und Payton<\/h2>\n\n\n\n<div class=\"wp-block-columns alignwide is-layout-flex wp-container-core-columns-is-layout-28f84493 wp-block-columns-is-layout-flex\">\n<div class=\"wp-block-column is-layout-flow wp-block-column-is-layout-flow\">\n<figure class=\"wp-block-image size-large is-resized\"><img loading=\"lazy\" decoding=\"async\" width=\"730\" height=\"1024\" src=\"https:\/\/waeller-bergstrasse.de\/wp-content\/uploads\/2026\/01\/IMG_9772-730x1024.jpeg\" alt=\"\" class=\"wp-image-78\" style=\"aspect-ratio:0.7128944618599791;width:381px;height:auto\" srcset=\"https:\/\/waeller-bergstrasse.de\/wp-content\/uploads\/2026\/01\/IMG_9772-730x1024.jpeg 730w, https:\/\/waeller-bergstrasse.de\/wp-content\/uploads\/2026\/01\/IMG_9772-214x300.jpeg 214w, https:\/\/waeller-bergstrasse.de\/wp-content\/uploads\/2026\/01\/IMG_9772-768x1077.jpeg 768w, https:\/\/waeller-bergstrasse.de\/wp-content\/uploads\/2026\/01\/IMG_9772.jpeg 896w\" sizes=\"auto, (max-width: 730px) 100vw, 730px\" \/><\/figure>\n\n\n\n<h3 class=\"wp-block-heading\">Benito vom Bambuswald<\/h3>\n\n\n\n<p class=\"has-medium-font-size\">Treue Seele, gesch\u00e4tztes Familienmitglied und &#8222;Stammvater&#8220; unserer W\u00e4ller-Familie. Papa von Payton und Urgro\u00dfvater von Enya. Inzwischen wahrhaftig ein Methusalem.<br>Mit Benito haben wir in seinen jungen Jahren Turnierhundesport und dann sp\u00e4ter Obedience betrieben. Inzwischen genie\u00dft er seinen Ruhestand, aber ab und an fordert er sein Frauchen auf, mal die eine oder andere gem\u00fctliche Trainingsrunde beim Spaziergang einzulegen. Manchmal l\u00e4sst er sich von Enya zum Spielen animieren, jedoch merkt man ihm den Altersunterschied an. Es ist nicht mehr so wendig und flott und kann daher nicht mit Enya mithalten. Aber solange er seinen Spa\u00df hat und es noch kann&#8230;<\/p>\n<\/div>\n\n\n\n<div class=\"wp-block-column is-layout-flow wp-block-column-is-layout-flow\">\n<figure class=\"wp-block-image size-large is-resized\"><img loading=\"lazy\" decoding=\"async\" width=\"730\" height=\"1024\" src=\"https:\/\/waeller-bergstrasse.de\/wp-content\/uploads\/2026\/01\/IMG_1915-730x1024.jpeg\" alt=\"\" class=\"wp-image-79\" style=\"aspect-ratio:0.7128944618599791;width:379px;height:auto\" srcset=\"https:\/\/waeller-bergstrasse.de\/wp-content\/uploads\/2026\/01\/IMG_1915-730x1024.jpeg 730w, https:\/\/waeller-bergstrasse.de\/wp-content\/uploads\/2026\/01\/IMG_1915-214x300.jpeg 214w, https:\/\/waeller-bergstrasse.de\/wp-content\/uploads\/2026\/01\/IMG_1915-768x1077.jpeg 768w, https:\/\/waeller-bergstrasse.de\/wp-content\/uploads\/2026\/01\/IMG_1915.jpeg 896w\" sizes=\"auto, (max-width: 730px) 100vw, 730px\" \/><\/figure>\n\n\n\n<h3 class=\"wp-block-heading\">Payton vom Mount Palis \u2020<\/h3>\n\n\n\n<p class=\"has-medium-font-size\">Benitos Sohn aus seiner ersten Nachkommenschaft. Treuer Begleiter f\u00fcr unsere Tochter, gesch\u00e4tztes Familienmitglied und leider \u00fcberraschend zu fr\u00fch \u00fcber die Regenbogenbr\u00fccke gegangen.<br> Mit Payton hatten wir ebenfalls in seinen j\u00fcngeren Jahren Turnierhundesport und danach ein wenig Obedience betrieben. Aber Obedience war dann nicht ganz so sein Ding.<br>Als unsere Tochter in eine eigene Wohnung umzog, ist er mit ihr gegangen. Es war ihr Hund und er war ihr immer ergeben. Payton war ein kleiner &#8222;Freigeist&#8220; und liebte es zu spielen. Er fehlt uns allen sehr&#8230;<\/p>\n<\/div>\n<\/div>\n<\/div>\n\n\n\n<p><\/p>\n","protected":false},"excerpt":{"rendered":"<p>&#8222;Der Hund ist das einzige Wesen auf Erden, das dich mehr liebt als sich selbst.&#8220;Josh Billings Seit 2011 geh\u00f6ren die W\u00e4ller zu unserer Familie und unserem Leben. Begonnen hat es mit Benito vom Bambuswald mit dessen Z\u00fcchterin Ute Eckhardt wir noch heute Kontakt haben. Benito hat seinerzeit eine Zuchtzulassung absolviert und ist damals bei zwei [&hellip;]<\/p>\n","protected":false},"author":3,"featured_media":0,"parent":0,"menu_order":0,"comment_status":"closed","ping_status":"closed","template":"","meta":{"footnotes":""},"class_list":["post-50","page","type-page","status-publish","hentry"],"_links":{"self":[{"href":"https:\/\/waeller-bergstrasse.de\/index.php?rest_route=\/wp\/v2\/pages\/50","targetHints":{"allow":["GET"]}}],"collection":[{"href":"https:\/\/waeller-bergstrasse.de\/index.php?rest_route=\/wp\/v2\/pages"}],"about":[{"href":"https:\/\/waeller-bergstrasse.de\/index.php?rest_route=\/wp\/v2\/types\/page"}],"author":[{"embeddable":true,"href":"https:\/\/waeller-bergstrasse.de\/index.php?rest_route=\/wp\/v2\/users\/3"}],"replies":[{"embeddable":true,"href":"https:\/\/waeller-bergstrasse.de\/index.php?rest_route=%2Fwp%2Fv2%2Fcomments&post=50"}],"version-history":[{"count":17,"href":"https:\/\/waeller-bergstrasse.de\/index.php?rest_route=\/wp\/v2\/pages\/50\/revisions"}],"predecessor-version":[{"id":92,"href":"https:\/\/waeller-bergstrasse.de\/index.php?rest_route=\/wp\/v2\/pages\/50\/revisions\/92"}],"wp:attachment":[{"href":"https:\/\/waeller-bergstrasse.de\/index.php?rest_route=%2Fwp%2Fv2%2Fmedia&parent=50"}],"curies":[{"name":"wp","href":"https:\/\/api.w.org\/{rel}","templated":true}]}}